{"id":93,"date":"2013-09-10T16:28:14","date_gmt":"2013-09-10T16:28:14","guid":{"rendered":"http:\/\/blogs.uww.edu\/lencho\/?page_id=93"},"modified":"2013-09-10T16:28:14","modified_gmt":"2013-09-10T16:28:14","slug":"preco-mam-rad-slovencinu","status":"publish","type":"page","link":"https:\/\/blogs.uww.edu\/lencho\/preco-mam-rad-slovencinu\/","title":{"rendered":"Pre\u010do m\u00e1m r\u00e1d sloven\u010dinu"},"content":{"rendered":"<p>Please consider contributing to this collaborative space designed to explore the different ways that English and Slovak are contextualized: <a href=\"http:\/\/wiki.uww.edu\/class\/LanguageandSociety\">Pre\u010do m\u00e1m r\u00e1d sloven\u010dinu<\/a><\/p>\n","protected":false},"excerpt":{"rendered":"<p>Please consider contributing to this collaborative space designed to explore the different ways that English and Slovak are contextualized: Pre\u010do m\u00e1m r\u00e1d sloven\u010dinu<\/p>\n","protected":false},"author":4,"featured_media":0,"parent":0,"menu_order":0,"comment_status":"closed","ping_status":"open","template":"","meta":{"footnotes":""},"class_list":["post-93","page","type-page","status-publish","hentry"],"_links":{"self":[{"href":"https:\/\/blogs.uww.edu\/lencho\/wp-json\/wp\/v2\/pages\/93","targetHints":{"allow":["GET"]}}],"collection":[{"href":"https:\/\/blogs.uww.edu\/lencho\/wp-json\/wp\/v2\/pages"}],"about":[{"href":"https:\/\/blogs.uww.edu\/lencho\/wp-json\/wp\/v2\/types\/page"}],"author":[{"embeddable":true,"href":"https:\/\/blogs.uww.edu\/lencho\/wp-json\/wp\/v2\/users\/4"}],"replies":[{"embeddable":true,"href":"https:\/\/blogs.uww.edu\/lencho\/wp-json\/wp\/v2\/comments?post=93"}],"version-history":[{"count":1,"href":"https:\/\/blogs.uww.edu\/lencho\/wp-json\/wp\/v2\/pages\/93\/revisions"}],"predecessor-version":[{"id":94,"href":"https:\/\/blogs.uww.edu\/lencho\/wp-json\/wp\/v2\/pages\/93\/revisions\/94"}],"wp:attachment":[{"href":"https:\/\/blogs.uww.edu\/lencho\/wp-json\/wp\/v2\/media?parent=93"}],"curies":[{"name":"wp","href":"https:\/\/api.w.org\/{rel}","templated":true}]}}