{"id":7,"date":"2015-08-20T12:29:04","date_gmt":"2015-08-20T17:29:04","guid":{"rendered":"http:\/\/blogs.uww.edu\/langem\/?page_id=7"},"modified":"2015-08-24T09:13:49","modified_gmt":"2015-08-24T14:13:49","slug":"cv","status":"publish","type":"page","link":"https:\/\/blogs.uww.edu\/langem\/cv\/","title":{"rendered":"Curriculum Vitae"},"content":{"rendered":"<p><strong>Dr. Matthew Lange<\/strong><br \/> Associate Professor<\/p> <div align=\"left\"> <table border=\"0\" width=\"100%\" cellspacing=\"0\" cellpadding=\"0\"> <tbody> <tr bgcolor=\"#c8c8c8\"> <td><span style=\"font-size: medium;\"><b>Education<\/b><\/span><\/td> <\/tr> <\/tbody> <\/table> <table style=\"height: 160px;\" border=\"0\" width=\"100%\" cellspacing=\"2\" cellpadding=\"0\"> <tbody> <tr> <td>2006<\/td> <td><strong>University of Wisconsin : <\/strong>Madison, WI<br \/> <em>Ph.D., German Literature<\/em><\/td> <\/tr> <tr> <td>1997<\/td> <td><strong>University of Colorado : <\/strong>Boulder, CO<br \/> <em>M.A., German Studies<\/em><\/td> <\/tr> <tr> <td>1994<\/td> <td><strong>The Citadel, The Military College of South Carolina :<\/strong> Charleston, SC<br \/> <em>B.A., Modern Languages<\/em><\/td> <\/tr> <\/tbody> <\/table> <\/div> <table border=\"0\" width=\"100%\" cellspacing=\"0\" cellpadding=\"0\"> <tbody> <tr bgcolor=\"#c8c8c8\"> <td><span style=\"font-size: medium;\"><b>Publications<\/b><\/span><\/td> <\/tr> <\/tbody> <\/table> <p><strong>Monograph<\/strong><\/p> <ul> <li><em><a href=\"http:\/\/www.peterlang.com\/index.cfm?vID=11040&amp;vLang=E&amp;vHR=1&amp;vUR=3&amp;vUUR=4\" target=\"_blank\">Antisemitic Elements in the Critique of Capitalism in German Culture, 1850-1933<\/a>.<\/em> German Life and Civilization. Vol. 46. Oxford: Peter Lang, 2007. 348pp.<\/li> <\/ul> <p><strong>Articles<\/strong><\/p> <ul> <li>\u201cAktien (Theaterst\u00fcck von Otto Glagau, 1877)\u201d. <em><a href=\"http:\/\/www.degruyter.com\/view\/product\/129791\" target=\"_blank\">Handbuch des Antisemitismus.<\/a><\/em> <a href=\"http:\/\/www.degruyter.com\/view\/product\/129791\"><em>Judenfeindschaft in Geschichte und Gegenwart<\/em>.<\/a> <strong>Vol. 7.<\/strong> On behalf of Zentrum f\u00fcr Antisemitismusforschung der Technischen Universit\u00e4t Berlin. Ed. by Wolfgang Benz in collaboration with Werner Bergmann, Rainer Kampling, Juliane Wetzel, Ulrich Wyrwa. Brigitte Mihok. Berlin: de Gruyter, 2014. pp. 5\u20137.<\/li> <li>\u201cDie Ritter vom Gelde (Roman von Karl T\u00fcrk, 1891)\u201d. <em>Ibid.<\/em> pp. 405\u20137.<\/li> <li>\u201cDer Tunnel (Roman von Bernhard Kellermann, 1913)\u201d. <em>Ibid<\/em>. pp. 506\u20137.<\/li> <li>&#8220;Wider den \u2018j\u00fcdischen\u2019 Geist: Antisemitismus und die Gestaltung einer \u2018deutschen\u2019 Wirtschaftsgesinnung\u201d [Against the \u2018Jewish\u2019 Spirit: Antisemitism and the Creation of a \u201cGerman\u201d Economic Ethos]. <em><a href=\"http:\/\/www.synchron-publishers.com\/texte\/14-amsterdam\/1401prod-t.html\" target=\"_blank\">Das nennen Sie Arbeit? Der Produktivit\u00e4tsdiskurs und seine Ausschl\u00fcsse<\/a>.<\/em> Eds. Nicole Colin und Franziska Sch\u00f6\u00dfler. Heidelberg: Synchron, 2013. pp. 53\u201366.<\/li> <li>\u201cDer Kulturk\u00e4mpfer\u201d.<em> <a href=\"http:\/\/www.degruyter.com\/view\/product\/38773\" target=\"_blank\">Handbuch des Antisemitismus.<\/a><\/em><a href=\"http:\/\/www.degruyter.com\/view\/product\/203918\"><em> Judenfeindschaft in Geschichte und Gegenwart.<\/em><\/a> <strong>Vol. 6.<\/strong> Berlin: de Gruyter, 2013. pp. 421\u201322<\/li> <li>\u201cDie Gartenlaube\u201d.<em> Ibid.<\/em> pp. 224\u201326.<\/li> <li>&#8220;B\u00f6rsenkrach (1873).\u201d<em> <a href=\"http:\/\/www.degruyter.com\/view\/product\/129272\" target=\"_blank\">Handbuch des Antisemitismus. Judenfeindschaft in Geschichte und Gegenwart.<\/a><\/em> <strong>Vol. 4.<\/strong> Berlin: de Guyter, 2011. pp. 57\u201359.<\/li> <li>\u201cBankjuden (B\u00f6rsenjuden).\u201d<em> <a href=\"http:\/\/www.degruyter.com\/view\/product\/38765\" target=\"_blank\">Handbuch des Antisemitismus. Judenfeindschaft in Geschichte und Gegenwart.<\/a><\/em> <strong>Vol. 3.<\/strong> Berlin: de Guyter, 2010. pp. 40\u201342.<\/li> <li>\u201cDie &#8216;goldene&#8217; Internationale.\u201d<em> Ibid.<\/em> pp. 111\u2013113.<\/li> <li>\u201cWilhelm Heinrich Riehl.\u201d <em><a href=\"http:\/\/www.degruyter.com\/view\/product\/38763\" target=\"_blank\">Handbuch des Antisemitismus. Judenfeindschaft in Geschichte und Gegenwart.<\/a><\/em> <strong>Vol. 2.2.<\/strong> Berlin: de Gruyter, 2009. pp. 687\u201388.<\/li> <li>\u201cFranz Schr\u00f6nghamer-Heimdal.\u201d <em>ibid.<\/em> pp. 747\u201348.<\/li> <li>\u201cArwed Solano.\u201d <em>ibid.<\/em> pp. 777\u201378.<\/li> <li>\u201cAdolph Wagner.\u201d <em>ibid.<\/em> pp. 859\u201361.<\/li> <li>\u201cBerlin\u2019s \u2018Cathedrals of Commercialism\u2019: Cultural Confrontations with the <em>Warenhaus<\/em> Phenomenon.\u201d <em> <a href=\"http:\/\/www.v-r.de\/de\/titel\/389971468\/\" target=\"_blank\">Topography and Literature: Berlin and Modernism<\/a>.<\/em> Ed. Reinhard Zachau. G\u00f6ttingen: Vandenhoeck &amp; Ruprecht unipress, 2009. pp. 11-26.<\/li> <li>\u201c\u2018Vergi\u00df es nie, da\u00df die Juden uns vertrieben haben\u2019: Did Antisemitism Migrate with Germans to the United States in the Nineteenth Century?\u201d <em><a href=\"http:\/\/sgas.org\/publications\/yearbook\/\" target=\"_blank\">Yearbook for German-American Studies<\/a><\/em> 42 (2007): 53\u201368.<\/li> <li>\u201cThe Will to Power or Vox Populi? Hitler Biographies and the Question of Culpability,\u201d with Eric Ehrenreich and Corina Petrescu. <em> <a href=\"http:\/\/www.peterlang.com\/index.cfm?vID=10553&amp;vLang=E&amp;vHR=1&amp;vUR=3&amp;vUUR=4\" target=\"_blank\">Unmasking Hitler: Cultural Representations of Adolf Hitler from the Weimar Republic to the Present<\/a>.<\/em> Eds. Jost Hermand and Klaus Berghahn. Oxford: Peter Lang, 2005. pp. 81\u2013104.<\/li> <\/ul> <p>Review<\/p> <ul> <li><em> Chronik der deutschen Literatur: Daten, Texte, Kontexte.<\/em> Hrsg. von Peter Stein und Hartmut Stein (Stuttgart: Kr\u00f6ner, 2008) in: <em><a href=\"http:\/\/monatshefte.org\/\" target=\"_blank\">Monatshefte f\u00fcr deutschsprachige Literatur und Kultur<\/a><\/em> 101.4 (2009): <a href=\"http:\/\/muse.jhu.edu\/journals\/monatshefte\/summary\/v101\/101.4.lange.html\" target=\"_blank\">569\u201371<\/a>.<\/li> <\/ul> <table border=\"0\" width=\"100%\" cellspacing=\"0\" cellpadding=\"0\"> <tbody> <tr bgcolor=\"#c8c8c8\"> <td><span style=\"font-size: medium;\"><b>Teaching Experience<\/b><\/span><\/td> <\/tr> <\/tbody> <\/table> <p><strong>University of Wisconsin\u2013Whitewater<\/strong><br \/> (2011-): <em>Associate Professor and Head of German Program<\/em><br \/> (2006\u201311): <em>Assistant Professor and Head of German Program<\/em><\/p> <p style=\"padding-left: 30px;\">Courses: Beginning German I\/II, Intermediate German I\/II, Advanced German Language Study I\/II, German Conversation, Business German, German Civilization, Readings in Modern German Literature II, German Phonetics, Survey of German Literature up to 1800, Survey of German Literature since 1800, and Foreign Film Appreciation<\/p> <p><strong>University of Wisconsin\u2013Madison<\/strong><br \/> Teaching Assistant<\/p> <p><strong>University of Colorado\u2013Boulder<\/strong><br \/> Teaching Assistant<\/p> <div align=\"left\"> <table border=\"0\" width=\"100%\" cellspacing=\"0\" cellpadding=\"0\"> <tbody> <tr bgcolor=\"#c8c8c8\"> <td><b>Presentations<\/b><\/td> <\/tr> <\/tbody> <\/table> <ul> <li>\u201cGermany Votes: A Discussion of the 2013 Bundestag Election\u201d (together with Dr. F. Peter Wagner), UW\u2013Whitewater, September 2013<\/li> <li>\u201cWider den \u2018j\u00fcdischen\u2019 Geist. Antisemitismus und die Gestaltung einer \u2018deutschen\u2019 Wirtschaftsgesinnung\u201d at the conference \u201cDer Produktivit\u00e4tsdiskurs und seine Ausschl\u00fcsse\u201d, Amsterdam, October 2010<\/li> <li>\u201cRecording German TV for Free with the Internet: Introduction to onlinetvrecorder.com\u201d in the session \u201cInnovative Technology in the German Classroom\u201d at the annual convention of the American Council on the Teaching of Foreign Language (ACTFL), San Diego, November 2009<\/li> <li>\u201cBerlin\u2019s \u2018Cathedrals of Commercialism\u2019: Cultural Confrontations with the Department Store up to the Great War.\u201d History Colloquium, UW\u2013Whitewater, October 2008<\/li> <li>\u201cBerlin\u2019s \u2018Cathedrals of Commercialism\u2019: Cultural Confrontation of the <em>Warenhaus<\/em> Phenomenon\u201d at the conference \u201cBerlin und die Moderne 1900-1945\u201d, Sewanee, September 2008<\/li> <li>\u201cThe Migration of Antisemitism in German-Americana at the End of the Nineteenth Century,\u201d Faculty Seminar, UW\u2013Whitewater, October 2007<\/li> <li>\u201cThe Emigration of Antisemitism in German-American Literature: The Case of Waldemar Wernich\u2019s <em> Moderne Oekonomen: Erz\u00e4hlung vom Lande<\/em> (1892),\u201d German Studies Graduate Student Conference, UW\u2013 Madison, April 2004<\/li> <li>\u201cAntisemitic Anticapitalism in German Culture from 1850 to 1945,\u201d Zentrum f\u00fcr Antisemitismusforschung, Technische Universit\u00e4t\u2013Berlin, June 2003<\/li> <li>\u201cThe Will to Power or Vox Populi? Hitler Biographies and the Question of Culpability,\u201d 35th annual Wisconsin Workshop, with Eric Ehrenreich and Corina Petrescu, UW\u2013Madison, September 2002<\/li> <\/ul> <table border=\"0\" width=\"100%\" cellspacing=\"0\" cellpadding=\"0\"> <tbody> <tr bgcolor=\"#c8c8c8\"> <td><b>Awards, Honors, and Grants<\/b><\/td> <\/tr> <\/tbody> <\/table> <ul> <li>Chancellor\u2019s Fellowship Sabbatical, UW\u2013Whitewater, Fall 2015<\/li> <li>Recognized by Residence Life in the Making Achievement Possible (MAPworks) survey as a faculty member who has \u201cpositively impacted\u201d a student\u2019s life on campus, UW\u2013Whitewater, October 2013<\/li> <li>Selected participant in the Baden-W\u00fcrttemberg Seminar for American Faculty in German and German Studies, funded by the Baden-W\u00fcrttemberg Ministry of Science, Research and the Arts, the University of T\u00fcbingen, and the German-American Fulbright Commission, 10\u201323 June 2012<\/li> <li>Nominee for the College of Letter &amp; Sciences Excellence in Advising Award, UW\u2013Whitewater, 2011\/12<\/li> <li>Recognized by Residence Life in the Making Achievement Possible (MAPworks) survey as a faculty member who has \u201cpositively impacted\u201d students\u2019 lives on campus, UW\u2013Whitewater, December 2011<\/li> <li>Nominee for the College of Letter &amp; Sciences Excellence in Teaching Award, UW\u2013Whitewater, 2010\/11<\/li> <li>Goethe Institute stipend to attend the seminar &#8220;Kunst und Kultur in M\u00fcnchen&#8221;, Munich, July 2010<\/li> <li>Recognized as an Outstanding Teacher by the Panhellenic Council, UW\u2013Whitewater, 2008<\/li> <li>Honoree at Scholarship &amp; Creative Achievement Reception, UW\u2013Whitewater, 2008, 2009<\/li> <li>Recipient of $1000 grant to participate in the UW\u2013System Project \u201cPodcasting in Language Instruction \u2013 Exploring Potential and Assessing Impact,\u201d 2006\/07<\/li> <li>Dissertation Fellowship from the Graduate School, UW\u2013Madison, 2003<\/li> <li>Fulbright-Hays Full Grant to the Zentrum f\u00fcr Antisemitismusforschung, TU\u2013Berlin, 2002\/03<\/li> <li>George L. Mosse Graduate Exchange Fellowship to the Hebrew University, Jerusalem, 2002\/03 (declined)<\/li> <li>Center for German and European Studies Travel Grant to Germany, UW\u2013Madison, 2001<\/li> <li>University Fellowship from the Graduate School, CU\u2013Boulder, 1996\/97<\/li> <li>DAAD-Kontaktstipendium to the Friedrich-Alexander-Universit\u00e4t, Erlangen, Germany, 1995\/96<\/li> <li>Delta Phi Alpha (National German Honor Society, Kappa Mu chapter president) The Citadel, 1993\/94<\/li> <\/ul> <table border=\"0\" width=\"100%\" cellspacing=\"0\" cellpadding=\"0\"> <tbody> <tr bgcolor=\"#c8c8c8\"> <td><b>Professional and Service Activities<\/b><\/td> <\/tr> <\/tbody> <\/table> <ul> <li>Moderator of the session \u201cGerman-American Interactions in the Postwar Era\u201d at the 39<sup>th<\/sup> Annual Symposium of the Society for German-American Studies, St. Louis, April 2015<\/li> <li>Interviewer\/Evaluator of AATG-PAD-DSSV Study Trip Awards for the <em>Deutscher Sprach- und Schulverein<\/em> (German Language and School Society of Wisconsin), Carroll University, 14 March 2015<\/li> <li>Represented UW\u2013Whitewater at German Career Day, Pewaukee, WI, 20 February 2015<\/li> <li>Represented Hessen-Wisconsin Exchange at Global Engagement Fair, UW\u2013Whitewater, 29 January 2015<\/li> <li>Advisor\/Mentor of Matthew Viney\u2019s application (awaiting decision) to the German Academic Exchange Service (DAAD) for an Undergraduate Scholarship in the amount of \u20ac6500 to study in Hessen during the AY2014\/15, January 2015<\/li> <li>Presented on Global Engagement Certificate at Global Caf\u00e9, UW\u2013Whitewater, November 2014<\/li> <li>Attendee at Global Caf\u00e9 on Germany as faculty advisor of Hessen-Wisconsin Exchange, UW\u2013Whitewater, October 2014<\/li> <li>Represented Hessen-Wisconsin Exchange at Global Engagement Fair, UW\u2013Whitewater, September 2014<\/li> <li>Advisor\/Mentor of Nathan Anderson\u2019s application (awaiting decision) for a Fulbright English Teaching Assistant (ETA) Program to Germany in AY2015\/16, UW\u2013Whitewater, September 2014<\/li> <li>Attendee at UW-System Hessen-Wisconsin Exchange Workshop, UW\u00ad\u2013Stout, July 2014<\/li> <li>Interviewer\/Evaluator of AATG-PAD-DSSV Study Trip Awards for the <em>Deutscher Sprach- und Schulverein<\/em> (German Language and School Society of Wisconsin), Carroll University, 15 March 2014<\/li> <li>Attendee at International Dinner, UW\u2013Whitewater, February 2014<\/li> <li>Participant in International Forum for Comprehensive Internationalization, UW\u2013Whitewater, January 2014<\/li> <li>Co-moderator a session on ideas for small undergraduate program building, including advising, program visibility, and innovative programming that optimizes the efforts of small German programs at the American Council on the Teaching of Foreign Languages (ACTFL) convention, Orlando, November 2013<\/li> <li>Evaluator of Ludeman\/Burton-Heldt Study Abroad Scholarship, UW\u2013Whitewater, November 2013<\/li> <li>Attendee of Learn Center Workshop on Internationalization at Home, UW\u2013Whitewater, 29 October 2013<\/li> <li>Member of Campus Evaluation Committee for Fulbright English Teaching Assistant (ETA), UW\u2013Whitewater, September 2013<\/li> <li>Advisor\/Mentor of Christine Nitecke\u2019s application for a Fulbright English Teaching Assistant (ETA) Program to Germany in AY2014\/15, UW\u2013Whitewater, September 2013<\/li> <li>Attendee at Welcome Dinner for Incoming International Students, UW\u2013Whitewater, August 2013<\/li> <li>Moderator of the session \u201c20th Century\u201d at the 37th Annual Symposium of the Society for German-American Studies, New Orleans, May 2013<\/li> <li>Advisor\/Mentor of Zachary Herriges\u2019 successful application to the German Academic Exchange Service (daad.org) for an Undergraduate Scholarship in the amount of \u20ac6500 to study in Hessen during the AY2013\/14, January 2013<\/li> <li>Recruited Webmaster and Member of the Executive Committee of the Society for German-American Studies (SGAS), 2012-<\/li> <li>Invited reviewer on the National Screening Committee for the U.S. State Department\u2019s Fulbright English Teaching Assistant (ETA) Program to Germany, Chicago, November 2012<\/li> <li>Member of English Technical Writing tenure-track faculty member search committee, UW\u2013Whitewater, Spring 2012<\/li> <li>Advisor\/Mentor of Christina Nitecke\u2019s successful application to the German Academic Exchange Service (daad.org) for an Undergraduate Scholarship in the amount of \u20ac6500 to study in Hessen during the AY2012\/13, January 2012<\/li> <li>Invited reviewer on the National Screening Committee for the U.S. State Department\u2019s Fulbright English Teaching Assistant (ETA) Program to Germany, Chicago, November 2011<\/li> <li>Moderator of the session \u201cEnriching Curriculum in Small Undergraduate German Programs with Technology\u201d at the ACTFL convention, Denver, November 2011<\/li> <li>Participant (nominated by the Dean of the College of Letters &amp; Sciences) of the 33rd annual UW\u2013System Faculty College organized by the Office of Professional Instruction and Development, UW\u2013Richland, May\/June 2011<\/li> <li>Member of Arabic tenure-track faculty member search committee, UW\u2013Whitewater, Spring 2011<\/li> <li>Co-organizer and host of visit by Swiss filmmakers Thomas Horat and Salome Pitschen and screening of <em>W\u00e4tterschm\u00f6cker<\/em> in conjunction with the Wisconsin Film Festival and the Swiss Center of North America, UW\u2013Whitewater, April 2011<\/li> <li>Invited reviewer on the National Screening Committee for the U.S. State Department\u2019s Fulbright English Teaching Assistant (ETA) Program to Germany, Denver, November 2010.<\/li> <li>Accompanied the UW-Whitewater Chamber Singers on a concert tour of Germany, May 2010<\/li> <li>Participant in the Transatlantisches interkulturelles Nachwuchsf\u00f6rderungsprogramm Deutsch als Fremdsprache II (Transatlantic Intercultural Next Generation Promotion Program: German as a Second Language, TraiNDaF II) leadership program of the American Association of Teachers of German (AATG), Goethe Institut Chicago, September 2009<\/li> <li>Member of UW\u2013System Delegation to Hessen to commemorate the 10th anniversary of the Hessen-Wisconsin Student Exchange, Germany, December 2008<\/li> <li>Webmaster for the ACTFL Special Interest Group Small Undergraduate German Programs (<a href=\"http:\/\/orgs.uww.edu\/sugp\/\" target=\"_blank\">SUGP-SIG<\/a>), 2008-<\/li> <li>Advisor to and founder of the Sigma Delta chapter of Delta Phi Alpha (National German Honor Society), UW\u2013Whitewater, 2007\u2013<\/li> <li>Organizer of inter-departmental (German\/History\/PoliSci) travel study course to Berlin in spring of 2008<\/li> <li>Participant in the Scholar\/Mentor Program, UW\u2013Whitewater, Summer 2007<\/li> <li><a href=\"http:\/\/www.uww.edu\/cls\/spotlight\/archives\/may08.html\" target=\"_blank\">Contributor<\/a> in a UW\u2013System Project \u201cPodcasting in Language Instruction \u2013 Exploring Potential and Assessing Impact,\u201d 2006\/07<\/li> <li>Advisor to the Hessen-Wisconsin Student Exchange, UW\u2013Whitewater, 2006\u2013<\/li> <li>German Section Head and Advisor for the German Major, UW\u2013Whitewater, 2006\u2013<\/li> <li>Participant in Advising Institute, UW\u2013Whitewater, August 2006<\/li> <li>Advisor to the German Club, UW\u2013Whitewater, 2005\u2013<\/li> <li>Coordinator for German activities at annual Language Day, UW\u2013Whitewater, 2005\u2013<\/li> <li>Presenter of German films at the International Film Series, UW\u2013Whitewater, 2005\u2013<\/li> <li>Committee Activity in the College of Letters and Sciences, UW\u2013Whitewater: International Education (2007\u2013), Excellence in Teaching Award (2007)<\/li> <li>Committee Activity in the Department of Languages and Literatures, UW\u2013Whitewater: Review, Promotion, and Tenure (2011-), Assessment (2007\u2013), Curriculum (2007\u2013), Language Day (2007\u2013), Majors and Minors (2005\u2013), Technology (2006\u201307), Social (2005\u201307)<\/li> <li>Moderator for German Studies Graduate Conference on \u201cThe Permanence of Change,\u201d UW\u2013Madison, April 2005<\/li> <li>Advisor for the UW\u2013Madison Writing Center\u2019s Fulbright Draft Workshop, 2004<\/li> <\/ul> <table border=\"0\" width=\"100%\" cellspacing=\"0\" cellpadding=\"0\"> <tbody> <tr bgcolor=\"#c8c8c8\"> <td><b>Study and Research Abroad<\/b><\/td> <\/tr> <\/tbody> <\/table> <\/div> <table style=\"height: 160px;\" border=\"0\" width=\"100%\" cellspacing=\"2\" cellpadding=\"0\"> <tbody> <tr> <td>2002\/03<\/td> <td><strong>Zentrum f\u00fcr Antisemitismusforschung : <\/strong>Berlin, Germany<br \/> <em>Dissertation Research with Fulbright Fellowship<\/em><\/td> <\/tr> <tr> <td>1995\/96<\/td> <td><strong>Friedrich-Alexander Universit\u00e4t : <\/strong>Erlangen, Germany<br \/> <em>Graduate Studies with stipend from the DAAD<\/em><\/td> <\/tr> <tr> <td>July 1992<\/td> <td><strong>Internationaler Ferienkurs f\u00fcr deutsche Sprache : <\/strong>Salzburg, Austria<br \/> <em>Undergraduate Studies with Barnhill-Harley Scholarship<\/em><\/td> <\/tr> <\/tbody> <\/table> <table border=\"0\" width=\"100%\" cellspacing=\"0\" cellpadding=\"0\"> <tbody> <tr bgcolor=\"#c8c8c8\"> <td><b>Translation Experience<\/b><\/td> <\/tr> <\/tbody> <\/table> <ul> <li>College of Liberal Arts and Sciences at Butler University. \u201cGrundwerte der Geistes- und Naturwissenschaften.\u201d 2007.<\/li> <li>Klaus L. Berghahn. \u201cLessing the Critic: Polemics as Enlightenment.\u201d <em> A Companion to the Works of Lessing. <\/em> Eds. Barbara Fischer and Thomas C. Fox. Rochester, NY: Camden House, 2005. pp. 67-87.<\/li> <li>Jost Hermand. \u201cThe Jacobins of Hamburg and Altona.\u201d <em>Patriotism, Cosmopolitanism, and National Culture: Public Culture in Hamburg 1700\u20131933.<\/em> Ed. Peter Uwe Hohendahl. New York: Rodopi, 2003. pp. 133\u201341.<\/li> <li>\u2014\u2014\u2014. \u201cKleist\u2019s <em> Penthesilea<\/em> : Battleground for Gender-Specific Discourses.\u201d <em> A Companion to the Works of Heinrich von Kleist. <\/em> Ed. Bernd Fischer. Rochester, NY: Camden House, 2003. pp. 43\u201360.<\/li> <li>\u2014\u2014\u2014. \u201cCriticism and Utopian Thinking: Foundations of an Ecologically-Conscious Outlook\u201d (unpublished lecture, 2001).<\/li> <li>\u2014\u2014\u2014. \u201cAndrew Wyeth\u2019s Helga Pictures: Anatomy of a Scandal\u201d (unpublished lecture, 1999)<\/li> <li>Wyrwa, Ulrich. \u201cBurschenschaften,\u201d <em> Encyclopedia of Antisemitism: Anti-Jewish Prejudice and Persecution. <\/em> Ed. Richard S. Levy. Santa Barbara, CA: ABC-CLIO, 2005. p. 91.<\/li> <li>\u2014\u2014\u2014. \u201c1848.\u201d <em>Ibid.<\/em> pp. 197\u201399.<\/li> <li>\u2014\u2014\u2014. \u201cEmancipation.\u201d <em> Ibid.<\/em> pp. 201\u201304.<\/li> <\/ul> <table border=\"0\" width=\"100%\" cellspacing=\"0\" cellpadding=\"0\"> <tbody> <tr bgcolor=\"#c8c8c8\"> <td><b>Administrative and Professional Experience<\/b><\/td> <\/tr> <\/tbody> <\/table> <ul> <li>Program Assistant in the DAAD Center for German and European Studies Center, UW-Madison, 2001\/02<\/li> <li>Project Assistant for Prof. Jost Hermand, Department of German, 1999-2001, 2004<\/li> <li>Project Assistant in the University of Wisconsin-Madison Learning Support Services (Language Lab), 1998\/99<\/li> <\/ul> <div align=\"left\"> <table border=\"0\" width=\"100%\" cellspacing=\"0\" cellpadding=\"0\"> <tbody> <tr bgcolor=\"#c8c8c8\"> <td><b>Professional Organizations<\/b><\/td> <\/tr> <\/tbody> <\/table> <\/div> <ul> <li>American Association of Teachers of German (AATG)<\/li> <li>American Council on the Teaching of Foreign Language (ACTFL) as well as the Special Interest Group for Small German Programs (SUGP-SIG)<\/li> <li>Fulbright Association<\/li> <li>German Studies Association (GSA)<\/li> <li>Society for German-American Studies (SGAS)<\/li> <li>Wisconsin Association For Language Teachers (WAFLT)<\/li> <\/ul> <p>&nbsp;<\/p> <p>&nbsp;<\/p> ","protected":false},"excerpt":{"rendered":"<p>Dr. Matthew Lange Associate Professor Education 2006 University of Wisconsin : Madison, WI Ph.D., German Literature 1997 University of Colorado : Boulder, CO M.A., German Studies 1994 The Citadel, The Military College of South Carolina : Charleston, SC B.A., Modern Languages Publications Monograph Antisemitic Elements in the Critique of Capitalism in German Culture, 1850-1933. German [&hellip;]<\/p>\n","protected":false},"author":5739,"featured_media":0,"parent":0,"menu_order":0,"comment_status":"closed","ping_status":"closed","template":"","meta":{"footnotes":""},"class_list":["post-7","page","type-page","status-publish","hentry"],"_links":{"self":[{"href":"https:\/\/blogs.uww.edu\/langem\/wp-json\/wp\/v2\/pages\/7","targetHints":{"allow":["GET"]}}],"collection":[{"href":"https:\/\/blogs.uww.edu\/langem\/wp-json\/wp\/v2\/pages"}],"about":[{"href":"https:\/\/blogs.uww.edu\/langem\/wp-json\/wp\/v2\/types\/page"}],"author":[{"embeddable":true,"href":"https:\/\/blogs.uww.edu\/langem\/wp-json\/wp\/v2\/users\/5739"}],"replies":[{"embeddable":true,"href":"https:\/\/blogs.uww.edu\/langem\/wp-json\/wp\/v2\/comments?post=7"}],"version-history":[{"count":22,"href":"https:\/\/blogs.uww.edu\/langem\/wp-json\/wp\/v2\/pages\/7\/revisions"}],"predecessor-version":[{"id":91,"href":"https:\/\/blogs.uww.edu\/langem\/wp-json\/wp\/v2\/pages\/7\/revisions\/91"}],"wp:attachment":[{"href":"https:\/\/blogs.uww.edu\/langem\/wp-json\/wp\/v2\/media?parent=7"}],"curies":[{"name":"wp","href":"https:\/\/api.w.org\/{rel}","templated":true}]}}